{"id":7188,"date":"2022-01-29T00:11:01","date_gmt":"2022-01-29T00:11:01","guid":{"rendered":"https:\/\/muzalpharma.com\/vc\/?post_type=product&#038;p=7188"},"modified":"2022-08-16T18:23:23","modified_gmt":"2022-08-16T18:23:23","slug":"cucharas-dosificadoras","status":"publish","type":"product","link":"https:\/\/muzalpharma.com\/vc\/index.php\/producto\/cucharas-dosificadoras\/","title":{"rendered":"Cucharas Dosificadoras"},"content":{"rendered":"<p>Cucharas de pl\u00e1stico graduadas para jarabes de 2.5, 5.0 y 10 ml con v\u00e1stago corto o largo. Adicional, se cuenta con cucharas de v\u00e1stago largo para s\u00f3lidos disponibles bajo pedido.<\/p>\n<p>&nbsp;<\/p>\n","protected":false},"excerpt":{"rendered":"<p>Cucharas de pl\u00e1stico graduadas para jarabes de 2.5, 5.0 y 10 ml con v\u00e1stago corto o largo. Adicional, se cuenta con cucharas de v\u00e1stago largo para s\u00f3lidos disponibles bajo pedido. &nbsp;<\/p>\n","protected":false},"featured_media":8952,"comment_status":"closed","ping_status":"closed","template":"","meta":{"_monsterinsights_skip_tracking":false,"_monsterinsights_sitenote_active":false,"_monsterinsights_sitenote_note":"","_monsterinsights_sitenote_category":0},"product_brand":[],"product_cat":[93],"product_tag":[],"class_list":{"0":"post-7188","1":"product","2":"type-product","3":"status-publish","4":"has-post-thumbnail","6":"product_cat-accesorios-varios","8":"first","9":"instock","10":"shipping-taxable","11":"product-type-simple"},"aioseo_notices":[],"_links":{"self":[{"href":"https:\/\/muzalpharma.com\/vc\/index.php\/wp-json\/wp\/v2\/product\/7188","targetHints":{"allow":["GET"]}}],"collection":[{"href":"https:\/\/muzalpharma.com\/vc\/index.php\/wp-json\/wp\/v2\/product"}],"about":[{"href":"https:\/\/muzalpharma.com\/vc\/index.php\/wp-json\/wp\/v2\/types\/product"}],"replies":[{"embeddable":true,"href":"https:\/\/muzalpharma.com\/vc\/index.php\/wp-json\/wp\/v2\/comments?post=7188"}],"wp:featuredmedia":[{"embeddable":true,"href":"https:\/\/muzalpharma.com\/vc\/index.php\/wp-json\/wp\/v2\/media\/8952"}],"wp:attachment":[{"href":"https:\/\/muzalpharma.com\/vc\/index.php\/wp-json\/wp\/v2\/media?parent=7188"}],"wp:term":[{"taxonomy":"product_brand","embeddable":true,"href":"https:\/\/muzalpharma.com\/vc\/index.php\/wp-json\/wp\/v2\/product_brand?post=7188"},{"taxonomy":"product_cat","embeddable":true,"href":"https:\/\/muzalpharma.com\/vc\/index.php\/wp-json\/wp\/v2\/product_cat?post=7188"},{"taxonomy":"product_tag","embeddable":true,"href":"https:\/\/muzalpharma.com\/vc\/index.php\/wp-json\/wp\/v2\/product_tag?post=7188"}],"curies":[{"name":"wp","href":"https:\/\/api.w.org\/{rel}","templated":true}]}}